{"id":773,"date":"2026-02-13T04:36:38","date_gmt":"2026-02-13T01:36:38","guid":{"rendered":"https:\/\/karpuzcicekcilik.com\/?page_id=773"},"modified":"2026-02-13T04:37:05","modified_gmt":"2026-02-13T01:37:05","slug":"guller","status":"publish","type":"page","link":"https:\/\/karpuzcicekcilik.com\/?page_id=773","title":{"rendered":"G\u00fcller"},"content":{"rendered":"\t\t<div data-elementor-type=\"wp-page\" data-elementor-id=\"773\" class=\"elementor elementor-773\">\n\t\t\t\t<div class=\"elementor-element elementor-element-6654bcc e-flex e-con-boxed e-con e-parent\" data-id=\"6654bcc\" data-element_type=\"container\">\n\t\t\t\t\t<div class=\"e-con-inner\">\n\t\t\t\t<div class=\"elementor-element elementor-element-252e32e elementor-widget elementor-widget-shortcode\" data-id=\"252e32e\" data-element_type=\"widget\" data-widget_type=\"shortcode.default\">\n\t\t\t\t\t\t\t<div class=\"elementor-shortcode\"><div class=\"woocommerce columns-3 \"><ul class=\"products columns-3\" data-products=\"type-1\">\n<li class=\"product type-product post-846 status-publish first instock product_cat-genel product_cat-guller has-post-thumbnail sale taxable shipping-taxable purchasable product-type-variable has-default-attributes\">\n\t<a href=\"https:\/\/karpuzcicekcilik.com\/?product=aranjman-11li-gul-buketi\" class=\"woocommerce-LoopProduct-link woocommerce-loop-product__link\">\n\t<span class=\"onsale\" data-shape=\"type-3\">\ud83c\udf49<\/span>\n\t<img fetchpriority=\"high\" decoding=\"async\" width=\"300\" height=\"300\" src=\"https:\/\/karpuzcicekcilik.com\/wp-content\/uploads\/2026\/02\/Aranjman_11li_Gul_Buketi-300x300.png\" class=\"attachment-woocommerce_thumbnail size-woocommerce_thumbnail\" alt=\"ARANJMAN 11&#039;L\u0130 G\u00dcL BUKET\u0130\" srcset=\"https:\/\/karpuzcicekcilik.com\/wp-content\/uploads\/2026\/02\/Aranjman_11li_Gul_Buketi-300x300.png 300w, https:\/\/karpuzcicekcilik.com\/wp-content\/uploads\/2026\/02\/Aranjman_11li_Gul_Buketi-100x100.png 100w\" sizes=\"(max-width: 300px) 100vw, 300px\" \/><h2 class=\"woocommerce-loop-product__title\">ARANJMAN 11&#8217;L\u0130 G\u00dcL BUKET\u0130<\/h2>\n\t<span class=\"price\"><span class=\"woocommerce-Price-amount amount\" aria-hidden=\"true\"><bdi>1.599,90<span class=\"woocommerce-Price-currencySymbol\">&#8378;<\/span><\/bdi><\/span> <span aria-hidden=\"true\"> \u2013 <\/span> <span class=\"woocommerce-Price-amount amount\" aria-hidden=\"true\"><bdi>1.999,90<span class=\"woocommerce-Price-currencySymbol\">&#8378;<\/span><\/bdi><\/span><span class=\"screen-reader-text\">Fiyat aral\u0131\u011f\u0131: 1.599,90&#8378; - 1.999,90&#8378;<\/span><\/span>\n<\/a><a href=\"https:\/\/karpuzcicekcilik.com\/?product=aranjman-11li-gul-buketi\" aria-describedby=\"woocommerce_loop_add_to_cart_link_describedby_846\" data-quantity=\"1\" class=\"button product_type_variable add_to_cart_button cfvsw_ajax_add_to_cart\" data-product_id=\"846\" data-product_sku=\"\" aria-label=\"&ldquo;ARANJMAN 11&#039;L\u0130 G\u00dcL BUKET\u0130&rdquo; i\u00e7in se\u00e7enekleri se\u00e7in\" rel=\"nofollow\" data-add_to_cart_text=\"Add to Cart\" data-select_options_text=\"Se\u00e7enekler\">Se\u00e7enekler<\/a>\t<span id=\"woocommerce_loop_add_to_cart_link_describedby_846\" class=\"screen-reader-text\">\n\t\tBu \u00fcr\u00fcn\u00fcn birden fazla varyasyonu var. Se\u00e7enekler \u00fcr\u00fcn sayfas\u0131ndan se\u00e7ilebilir\t<\/span>\n<\/li>\n<li class=\"product type-product post-844 status-publish instock product_cat-genel product_cat-guller has-post-thumbnail sale taxable shipping-taxable purchasable product-type-simple\">\n\t<a href=\"https:\/\/karpuzcicekcilik.com\/?product=aranjman-21li-gul-buketi\" class=\"woocommerce-LoopProduct-link woocommerce-loop-product__link\">\n\t<span class=\"onsale\" data-shape=\"type-3\">\ud83c\udf49<\/span>\n\t<img decoding=\"async\" width=\"300\" height=\"300\" src=\"https:\/\/karpuzcicekcilik.com\/wp-content\/uploads\/2026\/02\/Aranjman_21li_Gul_Buketi-300x300.png\" class=\"attachment-woocommerce_thumbnail size-woocommerce_thumbnail\" alt=\"ARANJMAN 21&#039;L\u0130 G\u00dcL BUKET\u0130\" srcset=\"https:\/\/karpuzcicekcilik.com\/wp-content\/uploads\/2026\/02\/Aranjman_21li_Gul_Buketi-300x300.png 300w, https:\/\/karpuzcicekcilik.com\/wp-content\/uploads\/2026\/02\/Aranjman_21li_Gul_Buketi-100x100.png 100w\" sizes=\"(max-width: 300px) 100vw, 300px\" \/><h2 class=\"woocommerce-loop-product__title\">ARANJMAN 21&#8217;L\u0130 G\u00dcL BUKET\u0130<\/h2>\n\t<span class=\"price\"><span class=\"sale-price\"><del aria-hidden=\"true\"><span class=\"woocommerce-Price-amount amount\"><bdi>5.250,00<span class=\"woocommerce-Price-currencySymbol\">&#8378;<\/span><\/bdi><\/span><\/del> <span class=\"screen-reader-text\">Orijinal fiyat: 5.250,00&#8378;.<\/span><ins aria-hidden=\"true\"><span class=\"woocommerce-Price-amount amount\"><bdi>2.999,90<span class=\"woocommerce-Price-currencySymbol\">&#8378;<\/span><\/bdi><\/span><\/ins><span class=\"screen-reader-text\">\u015eu andaki fiyat: 2.999,90&#8378;.<\/span><\/span><\/span>\n<\/a><a href=\"\/index.php?rest_route=%2Fwp%2Fv2%2Fpages%2F773&#038;add-to-cart=844\" aria-describedby=\"woocommerce_loop_add_to_cart_link_describedby_844\" data-quantity=\"1\" class=\"button product_type_simple add_to_cart_button ajax_add_to_cart\" data-product_id=\"844\" data-product_sku=\"\" aria-label=\"Sepete ekle: \u201cARANJMAN 21&#039;L\u0130 G\u00dcL BUKET\u0130\u201d\" rel=\"nofollow\" data-success_message=\"&quot;ARANJMAN 21&#039;L\u0130 G\u00dcL BUKET\u0130&quot; sepetinize eklendi\" role=\"button\">Sepete Ekle<\/a>\t<span id=\"woocommerce_loop_add_to_cart_link_describedby_844\" class=\"screen-reader-text\">\n\t\t\t<\/span>\n<\/li>\n<li class=\"product type-product post-842 status-publish last instock product_cat-genel product_cat-guller has-post-thumbnail sale taxable shipping-taxable purchasable product-type-simple\">\n\t<a href=\"https:\/\/karpuzcicekcilik.com\/?product=aranjman-9lu-gul-buketi\" class=\"woocommerce-LoopProduct-link woocommerce-loop-product__link\">\n\t<span class=\"onsale\" data-shape=\"type-3\">\ud83c\udf49<\/span>\n\t<img decoding=\"async\" width=\"300\" height=\"300\" src=\"https:\/\/karpuzcicekcilik.com\/wp-content\/uploads\/2026\/02\/Aranjman_9lu_Gul_Buketi-1-300x300.png\" class=\"attachment-woocommerce_thumbnail size-woocommerce_thumbnail\" alt=\"ARANJMAN 9&#039;LU G\u00dcL BUKET\u0130\" srcset=\"https:\/\/karpuzcicekcilik.com\/wp-content\/uploads\/2026\/02\/Aranjman_9lu_Gul_Buketi-1-300x300.png 300w, https:\/\/karpuzcicekcilik.com\/wp-content\/uploads\/2026\/02\/Aranjman_9lu_Gul_Buketi-1-100x100.png 100w\" sizes=\"(max-width: 300px) 100vw, 300px\" \/><h2 class=\"woocommerce-loop-product__title\">ARANJMAN 9&#8217;LU G\u00dcL BUKET\u0130<\/h2>\n\t<span class=\"price\"><span class=\"sale-price\"><del aria-hidden=\"true\"><span class=\"woocommerce-Price-amount amount\"><bdi>1.800,00<span class=\"woocommerce-Price-currencySymbol\">&#8378;<\/span><\/bdi><\/span><\/del> <span class=\"screen-reader-text\">Orijinal fiyat: 1.800,00&#8378;.<\/span><ins aria-hidden=\"true\"><span class=\"woocommerce-Price-amount amount\"><bdi>1.349,90<span class=\"woocommerce-Price-currencySymbol\">&#8378;<\/span><\/bdi><\/span><\/ins><span class=\"screen-reader-text\">\u015eu andaki fiyat: 1.349,90&#8378;.<\/span><\/span><\/span>\n<\/a><a href=\"\/index.php?rest_route=%2Fwp%2Fv2%2Fpages%2F773&#038;add-to-cart=842\" aria-describedby=\"woocommerce_loop_add_to_cart_link_describedby_842\" data-quantity=\"1\" class=\"button product_type_simple add_to_cart_button ajax_add_to_cart\" data-product_id=\"842\" data-product_sku=\"\" aria-label=\"Sepete ekle: \u201cARANJMAN 9&#039;LU G\u00dcL BUKET\u0130\u201d\" rel=\"nofollow\" data-success_message=\"&quot;ARANJMAN 9&#039;LU G\u00dcL BUKET\u0130&quot; sepetinize eklendi\" role=\"button\">Sepete Ekle<\/a>\t<span id=\"woocommerce_loop_add_to_cart_link_describedby_842\" class=\"screen-reader-text\">\n\t\t\t<\/span>\n<\/li>\n<li class=\"product type-product post-840 status-publish first instock product_cat-genel product_cat-guller has-post-thumbnail sale taxable shipping-taxable purchasable product-type-simple\">\n\t<a href=\"https:\/\/karpuzcicekcilik.com\/?product=aranjman-7li-gul-buketi\" class=\"woocommerce-LoopProduct-link woocommerce-loop-product__link\">\n\t<span class=\"onsale\" data-shape=\"type-3\">\ud83c\udf49<\/span>\n\t<img loading=\"lazy\" decoding=\"async\" width=\"300\" height=\"300\" src=\"https:\/\/karpuzcicekcilik.com\/wp-content\/uploads\/2026\/02\/Aranjman_7li_Gul_Buketi-300x300.png\" class=\"attachment-woocommerce_thumbnail size-woocommerce_thumbnail\" alt=\"ARANJMAN 7&#039;L\u0130 G\u00dcL BUKET\u0130\" srcset=\"https:\/\/karpuzcicekcilik.com\/wp-content\/uploads\/2026\/02\/Aranjman_7li_Gul_Buketi-300x300.png 300w, https:\/\/karpuzcicekcilik.com\/wp-content\/uploads\/2026\/02\/Aranjman_7li_Gul_Buketi-100x100.png 100w\" sizes=\"(max-width: 300px) 100vw, 300px\" \/><h2 class=\"woocommerce-loop-product__title\">ARANJMAN 7&#8217;L\u0130 G\u00dcL BUKET\u0130<\/h2>\n\t<span class=\"price\"><span class=\"sale-price\"><del aria-hidden=\"true\"><span class=\"woocommerce-Price-amount amount\"><bdi>1.499,00<span class=\"woocommerce-Price-currencySymbol\">&#8378;<\/span><\/bdi><\/span><\/del> <span class=\"screen-reader-text\">Orijinal fiyat: 1.499,00&#8378;.<\/span><ins aria-hidden=\"true\"><span class=\"woocommerce-Price-amount amount\"><bdi>999,90<span class=\"woocommerce-Price-currencySymbol\">&#8378;<\/span><\/bdi><\/span><\/ins><span class=\"screen-reader-text\">\u015eu andaki fiyat: 999,90&#8378;.<\/span><\/span><\/span>\n<\/a><a href=\"\/index.php?rest_route=%2Fwp%2Fv2%2Fpages%2F773&#038;add-to-cart=840\" aria-describedby=\"woocommerce_loop_add_to_cart_link_describedby_840\" data-quantity=\"1\" class=\"button product_type_simple add_to_cart_button ajax_add_to_cart\" data-product_id=\"840\" data-product_sku=\"\" aria-label=\"Sepete ekle: \u201cARANJMAN 7&#039;L\u0130 G\u00dcL BUKET\u0130\u201d\" rel=\"nofollow\" data-success_message=\"&quot;ARANJMAN 7&#039;L\u0130 G\u00dcL BUKET\u0130&quot; sepetinize eklendi\" role=\"button\">Sepete Ekle<\/a>\t<span id=\"woocommerce_loop_add_to_cart_link_describedby_840\" class=\"screen-reader-text\">\n\t\t\t<\/span>\n<\/li>\n<li class=\"product type-product post-834 status-publish instock product_cat-genel product_cat-guller has-post-thumbnail sale taxable shipping-taxable purchasable product-type-simple\">\n\t<a href=\"https:\/\/karpuzcicekcilik.com\/?product=aranjman-papatya-gul-buketi\" class=\"woocommerce-LoopProduct-link woocommerce-loop-product__link\">\n\t<span class=\"onsale\" data-shape=\"type-3\">\ud83c\udf49<\/span>\n\t<img loading=\"lazy\" decoding=\"async\" width=\"300\" height=\"300\" src=\"https:\/\/karpuzcicekcilik.com\/wp-content\/uploads\/2026\/02\/Papatya_Gul-300x300.png\" class=\"attachment-woocommerce_thumbnail size-woocommerce_thumbnail\" alt=\"ARANJMAN PAPATYA G\u00dcL BUKET\u0130\" srcset=\"https:\/\/karpuzcicekcilik.com\/wp-content\/uploads\/2026\/02\/Papatya_Gul-300x300.png 300w, https:\/\/karpuzcicekcilik.com\/wp-content\/uploads\/2026\/02\/Papatya_Gul-100x100.png 100w\" sizes=\"(max-width: 300px) 100vw, 300px\" \/><h2 class=\"woocommerce-loop-product__title\">ARANJMAN PAPATYA G\u00dcL BUKET\u0130<\/h2>\n\t<span class=\"price\"><span class=\"sale-price\"><del aria-hidden=\"true\"><span class=\"woocommerce-Price-amount amount\"><bdi>1.000,00<span class=\"woocommerce-Price-currencySymbol\">&#8378;<\/span><\/bdi><\/span><\/del> <span class=\"screen-reader-text\">Orijinal fiyat: 1.000,00&#8378;.<\/span><ins aria-hidden=\"true\"><span class=\"woocommerce-Price-amount amount\"><bdi>849,90<span class=\"woocommerce-Price-currencySymbol\">&#8378;<\/span><\/bdi><\/span><\/ins><span class=\"screen-reader-text\">\u015eu andaki fiyat: 849,90&#8378;.<\/span><\/span><\/span>\n<\/a><a href=\"\/index.php?rest_route=%2Fwp%2Fv2%2Fpages%2F773&#038;add-to-cart=834\" aria-describedby=\"woocommerce_loop_add_to_cart_link_describedby_834\" data-quantity=\"1\" class=\"button product_type_simple add_to_cart_button ajax_add_to_cart\" data-product_id=\"834\" data-product_sku=\"\" aria-label=\"Sepete ekle: \u201cARANJMAN PAPATYA G\u00dcL BUKET\u0130\u201d\" rel=\"nofollow\" data-success_message=\"&quot;ARANJMAN PAPATYA G\u00dcL BUKET\u0130&quot; sepetinize eklendi\" role=\"button\">Sepete Ekle<\/a>\t<span id=\"woocommerce_loop_add_to_cart_link_describedby_834\" class=\"screen-reader-text\">\n\t\t\t<\/span>\n<\/li>\n<\/ul>\n<\/div>\n<\/div>\n\t\t\t\t\t\t<\/div>\n\t\t\t\t\t<\/div>\n\t\t\t\t<\/div>\n\t\t\t\t<\/div>\n\t\t","protected":false},"excerpt":{"rendered":"","protected":false},"author":1,"featured_media":0,"parent":0,"menu_order":0,"comment_status":"closed","ping_status":"closed","template":"elementor_theme","meta":{"footnotes":""},"class_list":["post-773","page","type-page","status-publish","hentry"],"blocksy_meta":[],"_links":{"self":[{"href":"https:\/\/karpuzcicekcilik.com\/index.php?rest_route=\/wp\/v2\/pages\/773","targetHints":{"allow":["GET"]}}],"collection":[{"href":"https:\/\/karpuzcicekcilik.com\/index.php?rest_route=\/wp\/v2\/pages"}],"about":[{"href":"https:\/\/karpuzcicekcilik.com\/index.php?rest_route=\/wp\/v2\/types\/page"}],"author":[{"embeddable":true,"href":"https:\/\/karpuzcicekcilik.com\/index.php?rest_route=\/wp\/v2\/users\/1"}],"replies":[{"embeddable":true,"href":"https:\/\/karpuzcicekcilik.com\/index.php?rest_route=%2Fwp%2Fv2%2Fcomments&post=773"}],"version-history":[{"count":8,"href":"https:\/\/karpuzcicekcilik.com\/index.php?rest_route=\/wp\/v2\/pages\/773\/revisions"}],"predecessor-version":[{"id":781,"href":"https:\/\/karpuzcicekcilik.com\/index.php?rest_route=\/wp\/v2\/pages\/773\/revisions\/781"}],"wp:attachment":[{"href":"https:\/\/karpuzcicekcilik.com\/index.php?rest_route=%2Fwp%2Fv2%2Fmedia&parent=773"}],"curies":[{"name":"wp","href":"https:\/\/api.w.org\/{rel}","templated":true}]}}