{"id":844,"date":"2026-02-14T02:36:17","date_gmt":"2026-02-13T23:36:17","guid":{"rendered":"https:\/\/karpuzcicekcilik.com\/?post_type=product&#038;p=844"},"modified":"2026-02-14T03:16:08","modified_gmt":"2026-02-14T00:16:08","slug":"aranjman-21li-gul-buketi","status":"publish","type":"product","link":"https:\/\/karpuzcicekcilik.com\/?product=aranjman-21li-gul-buketi","title":{"rendered":"ARANJMAN 21&#8217;L\u0130 G\u00dcL BUKET\u0130"},"content":{"rendered":"<p>Aranjman 21&#8242; li G\u00fcl Buketi<\/p>\n","protected":false},"excerpt":{"rendered":"<p>Aranjman 21&#8242; li G\u00fcl Buketi<\/p>\n","protected":false},"featured_media":845,"comment_status":"open","ping_status":"closed","template":"","meta":[],"product_brand":[],"product_cat":[32,16],"product_tag":[],"class_list":{"0":"post-844","1":"product","2":"type-product","3":"status-publish","4":"has-post-thumbnail","6":"product_cat-guller","7":"product_cat-genel","9":"first","10":"instock","11":"sale","12":"taxable","13":"shipping-taxable","14":"purchasable","15":"product-type-simple"},"_links":{"self":[{"href":"https:\/\/karpuzcicekcilik.com\/index.php?rest_route=\/wp\/v2\/product\/844","targetHints":{"allow":["GET"]}}],"collection":[{"href":"https:\/\/karpuzcicekcilik.com\/index.php?rest_route=\/wp\/v2\/product"}],"about":[{"href":"https:\/\/karpuzcicekcilik.com\/index.php?rest_route=\/wp\/v2\/types\/product"}],"replies":[{"embeddable":true,"href":"https:\/\/karpuzcicekcilik.com\/index.php?rest_route=%2Fwp%2Fv2%2Fcomments&post=844"}],"wp:featuredmedia":[{"embeddable":true,"href":"https:\/\/karpuzcicekcilik.com\/index.php?rest_route=\/wp\/v2\/media\/845"}],"wp:attachment":[{"href":"https:\/\/karpuzcicekcilik.com\/index.php?rest_route=%2Fwp%2Fv2%2Fmedia&parent=844"}],"wp:term":[{"taxonomy":"product_brand","embeddable":true,"href":"https:\/\/karpuzcicekcilik.com\/index.php?rest_route=%2Fwp%2Fv2%2Fproduct_brand&post=844"},{"taxonomy":"product_cat","embeddable":true,"href":"https:\/\/karpuzcicekcilik.com\/index.php?rest_route=%2Fwp%2Fv2%2Fproduct_cat&post=844"},{"taxonomy":"product_tag","embeddable":true,"href":"https:\/\/karpuzcicekcilik.com\/index.php?rest_route=%2Fwp%2Fv2%2Fproduct_tag&post=844"}],"curies":[{"name":"wp","href":"https:\/\/api.w.org\/{rel}","templated":true}]}}